{"id":103,"date":"2021-01-30T16:13:44","date_gmt":"2021-01-30T15:13:44","guid":{"rendered":"http:\/\/www.ruoms.fr\/?page_id=103"},"modified":"2026-04-15T22:06:14","modified_gmt":"2026-04-15T20:06:14","slug":"les-elus","status":"publish","type":"page","link":"https:\/\/www.ruoms.fr\/index.php\/les-elus\/","title":{"rendered":"Les \u00e9lus"},"content":{"rendered":"\n<p>MAIRE Guy CL\u00c9MENT<\/p>\n\n\n\n<p>1er adjoint Jean-Fran\u00e7ois DEGORE<\/p>\n\n\n\n<p>2<sup>\u00e8me<\/sup> adjointe Colette VIGNE<\/p>\n\n\n\n<p>3<sup>\u00e8me<\/sup> adjoint Laurent BERNARD<\/p>\n\n\n\n<p>4<sup>\u00e8me<\/sup> adjointe Tatiana VASSELIERE<\/p>\n\n\n\n<p>Conseill\u00e8re d\u00e9l\u00e9gu\u00e9e Arlette DEANAZ<\/p>\n\n\n\n<p>Conseiller d\u00e9l\u00e9gu\u00e9 Didier Veillot<\/p>\n\n\n\n<p>Conseill\u00e8re d\u00e9l\u00e9gu\u00e9e Simone MESSAOUDI<\/p>\n\n\n\n<p>Conseill\u00e8re d\u00e9l\u00e9gu\u00e9e Marie-Christine ALL\u00c8GRE<\/p>\n\n\n\n<p>Conseiller Didier RODRIGUEZ<\/p>\n\n\n\n<p>Conseiller Didier DUPRE<\/p>\n\n\n\n<p>Conseill\u00e8re Carole PIANET<\/p>\n\n\n\n<p>Conseiller Adrien SOUBEYRAND<\/p>\n\n\n\n<p>Conseill\u00e8re Nicole ARRIGHI<\/p>\n\n\n\n<p>Conseiller Francis GAILLARD<\/p>\n\n\n\n<p>Conseiller Thierry TOURRE<\/p>\n\n\n\n<p>Conseiller Xavier TOURRE<\/p>\n\n\n\n<p>Conseill\u00e8re Arlette BOUCHER<\/p>\n\n\n\n<p>Conseiller Bernard PLANTEVIN<\/p>\n","protected":false},"excerpt":{"rendered":"<p>MAIRE Guy CL\u00c9MENT 1er adjoint Jean-Fran\u00e7ois DEGORE 2\u00e8me adjointe Colette VIGNE 3\u00e8me adjoint Laurent BERNARD 4\u00e8me adjointe Tatiana VASSELIERE Conseill\u00e8re d\u00e9l\u00e9gu\u00e9e Arlette DEANAZ Conseiller d\u00e9l\u00e9gu\u00e9 Didier Veillot Conseill\u00e8re d\u00e9l\u00e9gu\u00e9e Simone MESSAOUDI Conseill\u00e8re d\u00e9l\u00e9gu\u00e9e Marie-Christine ALL\u00c8GRE Conseiller Didier RODRIGUEZ Conseiller Didier DUPRE Conseill\u00e8re Carole PIANET Conseiller Adrien SOUBEYRAND Conseill\u00e8re Nicole ARRIGHI&#8230;<\/p>\n<p> <a class=\"continue-reading-link\" href=\"https:\/\/www.ruoms.fr\/index.php\/les-elus\/\"><span>Lire la suite<\/span><i class=\"crycon-right-dir\"><\/i><\/a> <\/p>\n","protected":false},"author":2,"featured_media":0,"parent":0,"menu_order":0,"comment_status":"closed","ping_status":"closed","template":"","meta":{"footnotes":""},"class_list":["post-103","page","type-page","status-publish","hentry"],"publishpress_future_action":{"enabled":false,"date":"2026-05-03 15:57:46","action":"change-status","newStatus":"draft","terms":[],"taxonomy":""},"publishpress_future_workflow_manual_trigger":{"enabledWorkflows":[]},"_links":{"self":[{"href":"https:\/\/www.ruoms.fr\/index.php\/wp-json\/wp\/v2\/pages\/103","targetHints":{"allow":["GET"]}}],"collection":[{"href":"https:\/\/www.ruoms.fr\/index.php\/wp-json\/wp\/v2\/pages"}],"about":[{"href":"https:\/\/www.ruoms.fr\/index.php\/wp-json\/wp\/v2\/types\/page"}],"author":[{"embeddable":true,"href":"https:\/\/www.ruoms.fr\/index.php\/wp-json\/wp\/v2\/users\/2"}],"replies":[{"embeddable":true,"href":"https:\/\/www.ruoms.fr\/index.php\/wp-json\/wp\/v2\/comments?post=103"}],"version-history":[{"count":6,"href":"https:\/\/www.ruoms.fr\/index.php\/wp-json\/wp\/v2\/pages\/103\/revisions"}],"predecessor-version":[{"id":3623,"href":"https:\/\/www.ruoms.fr\/index.php\/wp-json\/wp\/v2\/pages\/103\/revisions\/3623"}],"wp:attachment":[{"href":"https:\/\/www.ruoms.fr\/index.php\/wp-json\/wp\/v2\/media?parent=103"}],"curies":[{"name":"wp","href":"https:\/\/api.w.org\/{rel}","templated":true}]}}