{"id":1037,"date":"2021-04-09T16:14:26","date_gmt":"2021-04-09T14:14:26","guid":{"rendered":"http:\/\/www.ruoms.fr\/?page_id=1037"},"modified":"2022-02-11T10:37:17","modified_gmt":"2022-02-11T09:37:17","slug":"jardins-partages","status":"publish","type":"page","link":"https:\/\/www.ruoms.fr\/index.php\/jardins-partages\/","title":{"rendered":"Jardins partag\u00e9s"},"content":{"rendered":"\n<div class=\"wp-block-media-text alignwide is-stacked-on-mobile\"><figure class=\"wp-block-media-text__media\"><img loading=\"lazy\" decoding=\"async\" width=\"1024\" height=\"768\" src=\"https:\/\/www.ruoms.fr\/wp-content\/uploads\/2021\/04\/20210420_114734-1024x768.jpg\" alt=\"\" class=\"wp-image-1084 size-full\" srcset=\"https:\/\/www.ruoms.fr\/wp-content\/uploads\/2021\/04\/20210420_114734-1024x768.jpg 1024w, https:\/\/www.ruoms.fr\/wp-content\/uploads\/2021\/04\/20210420_114734-300x225.jpg 300w, https:\/\/www.ruoms.fr\/wp-content\/uploads\/2021\/04\/20210420_114734-768x576.jpg 768w, https:\/\/www.ruoms.fr\/wp-content\/uploads\/2021\/04\/20210420_114734-1536x1152.jpg 1536w, https:\/\/www.ruoms.fr\/wp-content\/uploads\/2021\/04\/20210420_114734-2048x1536.jpg 2048w, https:\/\/www.ruoms.fr\/wp-content\/uploads\/2021\/04\/20210420_114734-150x113.jpg 150w\" sizes=\"auto, (max-width: 1024px) 100vw, 1024px\" \/><\/figure><div class=\"wp-block-media-text__content\">\n<p class=\"has-large-font-size\"><\/p>\n<\/div><\/div>\n\n\n\n<p>Les jardins partag\u00e9s se situent entre le stade et l\u2019\u00e9cole Jean Moulin. Ils sont r\u00e9serv\u00e9s aux Ruomsois n\u2019ayant pas de jardin.<\/p>\n\n\n\n<p>Actuellement, 20 parcelles d\u2019environ 50\u2009m\u00b2 chacune est disponible.<\/p>\n\n\n\n<p>Pour vous inscrire, 2 solutions&nbsp;:<\/p>\n\n\n\n<ul class=\"wp-block-list\"><li>\u00a0Pr\u00e9sentez-vous \u00e0 l\u2019accueil de la mairie<\/li><li>\u00a0Envoyez un mail \u00e0 l\u2019association des jardins partag\u00e9s :  <a href=\"mailto:jardinsruoms@gmail.com\">jardinsruoms@gmail.com<\/a><\/li><\/ul>\n\n\n\n<p>La municipalit\u00e9 souhaite que ces jardins soient un lieu interg\u00e9n\u00e9rationnel d\u2019entraide et de partage du savoir et savoir-faire.<\/p>\n\n\n\n<p>Bon courage aux jardinier(e)s et bonnes r\u00e9coltes !<\/p>\n\n\n\n<p>L\u2019\u00e9quipe municipale<\/p>\n\n\n\n<p><strong>Contact<\/strong><\/p>\n\n\n\n<p>Association des jardins partag\u00e9s<\/p>\n\n\n\n<p>Pr\u00e9sidente : Mme COUP\u00c9 Heurley : <a href=\"mailto:jardinsruoms@gmail.com\">jardinsruoms@gmail.com<\/a><\/p>\n","protected":false},"excerpt":{"rendered":"<p>Les jardins partag\u00e9s se situent entre le stade et l\u2019\u00e9cole Jean Moulin. Ils sont r\u00e9serv\u00e9s aux Ruomsois n\u2019ayant pas de jardin. Actuellement, 20 parcelles d\u2019environ 50\u2009m\u00b2 chacune est disponible. Pour vous inscrire, 2 solutions&nbsp;: \u00a0Pr\u00e9sentez-vous \u00e0 l\u2019accueil de la mairie \u00a0Envoyez un mail \u00e0 l\u2019association des jardins partag\u00e9s : jardinsruoms@gmail.com&#8230;<\/p>\n<p> <a class=\"continue-reading-link\" href=\"https:\/\/www.ruoms.fr\/index.php\/jardins-partages\/\"><span>Lire la suite<\/span><i class=\"crycon-right-dir\"><\/i><\/a> <\/p>\n","protected":false},"author":2,"featured_media":0,"parent":0,"menu_order":0,"comment_status":"closed","ping_status":"closed","template":"","meta":{"footnotes":""},"class_list":["post-1037","page","type-page","status-publish","hentry"],"publishpress_future_action":{"enabled":false,"date":"2026-04-23 06:02:13","action":"change-status","newStatus":"draft","terms":[],"taxonomy":""},"publishpress_future_workflow_manual_trigger":{"enabledWorkflows":[]},"_links":{"self":[{"href":"https:\/\/www.ruoms.fr\/index.php\/wp-json\/wp\/v2\/pages\/1037","targetHints":{"allow":["GET"]}}],"collection":[{"href":"https:\/\/www.ruoms.fr\/index.php\/wp-json\/wp\/v2\/pages"}],"about":[{"href":"https:\/\/www.ruoms.fr\/index.php\/wp-json\/wp\/v2\/types\/page"}],"author":[{"embeddable":true,"href":"https:\/\/www.ruoms.fr\/index.php\/wp-json\/wp\/v2\/users\/2"}],"replies":[{"embeddable":true,"href":"https:\/\/www.ruoms.fr\/index.php\/wp-json\/wp\/v2\/comments?post=1037"}],"version-history":[{"count":9,"href":"https:\/\/www.ruoms.fr\/index.php\/wp-json\/wp\/v2\/pages\/1037\/revisions"}],"predecessor-version":[{"id":2112,"href":"https:\/\/www.ruoms.fr\/index.php\/wp-json\/wp\/v2\/pages\/1037\/revisions\/2112"}],"wp:attachment":[{"href":"https:\/\/www.ruoms.fr\/index.php\/wp-json\/wp\/v2\/media?parent=1037"}],"curies":[{"name":"wp","href":"https:\/\/api.w.org\/{rel}","templated":true}]}}