{"id":1487,"date":"2021-07-10T11:38:18","date_gmt":"2021-07-10T09:38:18","guid":{"rendered":"http:\/\/www.ruoms.fr\/?page_id=1487"},"modified":"2024-05-31T09:33:01","modified_gmt":"2024-05-31T07:33:01","slug":"camping-municipal-2","status":"publish","type":"page","link":"https:\/\/www.ruoms.fr\/index.php\/camping-municipal-2\/","title":{"rendered":"Camping municipal"},"content":{"rendered":"\n<p>Pour r\u00e9server, contactez le <strong>01 83 64 69 21 <\/strong>(7j\/7 &#8211; ouvert de 07h \u00e0 24h ) ou cliquez sur l&rsquo;image ci-dessous.<\/p>\n\n\n\n<figure class=\"wp-block-image size-large\"><a href=\"https:\/\/www.campingcarpark.com\/fr_FR\/sejour\/camping\/auvergne-rhone-alpes\/07-ardeche\/ruoms\"><img loading=\"lazy\" decoding=\"async\" width=\"1024\" height=\"402\" src=\"https:\/\/www.ruoms.fr\/wp-content\/uploads\/2021\/07\/image-2-1024x402.png\" alt=\"\" class=\"wp-image-1492\" srcset=\"https:\/\/www.ruoms.fr\/wp-content\/uploads\/2021\/07\/image-2-1024x402.png 1024w, https:\/\/www.ruoms.fr\/wp-content\/uploads\/2021\/07\/image-2-300x118.png 300w, https:\/\/www.ruoms.fr\/wp-content\/uploads\/2021\/07\/image-2-768x301.png 768w, https:\/\/www.ruoms.fr\/wp-content\/uploads\/2021\/07\/image-2-1536x602.png 1536w, https:\/\/www.ruoms.fr\/wp-content\/uploads\/2021\/07\/image-2-150x59.png 150w, https:\/\/www.ruoms.fr\/wp-content\/uploads\/2021\/07\/image-2.png 1882w\" sizes=\"auto, (max-width: 1024px) 100vw, 1024px\" \/><\/a><\/figure>\n\n\n\n<p>Si\u00e8ge social, 3 rue du Docteur Ange Gu\u00e9pin 44210 Pornic<\/p>\n","protected":false},"excerpt":{"rendered":"<p>Pour r\u00e9server, contactez le 01 83 64 69 21 (7j\/7 &#8211; ouvert de 07h \u00e0 24h ) ou cliquez sur l&rsquo;image ci-dessous. Si\u00e8ge social, 3 rue du Docteur Ange Gu\u00e9pin 44210 Pornic<\/p>\n<p> <a class=\"continue-reading-link\" href=\"https:\/\/www.ruoms.fr\/index.php\/camping-municipal-2\/\"><span>Lire la suite<\/span><i class=\"crycon-right-dir\"><\/i><\/a> <\/p>\n","protected":false},"author":2,"featured_media":0,"parent":0,"menu_order":0,"comment_status":"closed","ping_status":"closed","template":"","meta":{"footnotes":""},"class_list":["post-1487","page","type-page","status-publish","hentry"],"publishpress_future_action":{"enabled":false,"date":"2026-04-24 05:12:18","action":"change-status","newStatus":"draft","terms":[],"taxonomy":""},"publishpress_future_workflow_manual_trigger":{"enabledWorkflows":[]},"_links":{"self":[{"href":"https:\/\/www.ruoms.fr\/index.php\/wp-json\/wp\/v2\/pages\/1487","targetHints":{"allow":["GET"]}}],"collection":[{"href":"https:\/\/www.ruoms.fr\/index.php\/wp-json\/wp\/v2\/pages"}],"about":[{"href":"https:\/\/www.ruoms.fr\/index.php\/wp-json\/wp\/v2\/types\/page"}],"author":[{"embeddable":true,"href":"https:\/\/www.ruoms.fr\/index.php\/wp-json\/wp\/v2\/users\/2"}],"replies":[{"embeddable":true,"href":"https:\/\/www.ruoms.fr\/index.php\/wp-json\/wp\/v2\/comments?post=1487"}],"version-history":[{"count":7,"href":"https:\/\/www.ruoms.fr\/index.php\/wp-json\/wp\/v2\/pages\/1487\/revisions"}],"predecessor-version":[{"id":3200,"href":"https:\/\/www.ruoms.fr\/index.php\/wp-json\/wp\/v2\/pages\/1487\/revisions\/3200"}],"wp:attachment":[{"href":"https:\/\/www.ruoms.fr\/index.php\/wp-json\/wp\/v2\/media?parent=1487"}],"curies":[{"name":"wp","href":"https:\/\/api.w.org\/{rel}","templated":true}]}}