{"id":446,"date":"2021-02-20T18:34:30","date_gmt":"2021-02-20T17:34:30","guid":{"rendered":"http:\/\/www.ruoms.fr\/?page_id=446"},"modified":"2021-03-03T17:56:01","modified_gmt":"2021-03-03T16:56:01","slug":"carte-didentite","status":"publish","type":"page","link":"https:\/\/www.ruoms.fr\/index.php\/carte-didentite\/","title":{"rendered":"Carte d&rsquo;identit\u00e9"},"content":{"rendered":"\n<p class=\"has-text-align-left has-medium-font-size\"><strong>D\u00c9MARCHE CARTE NATIONALE D&rsquo;IDENTIT\u00c9<\/strong><\/p>\n\n\n\n<p><span class=\"has-inline-color has-vivid-green-cyan-color\">1- <strong>CONTACTER LA MAIRIE POUR PRENDRE UN RENDEZ-VOUS :<\/strong><\/span><\/p>\n\n\n\n<figure class=\"wp-block-table aligncenter\"><table class=\"has-subtle-pale-green-background-color has-background\"><tbody><tr><td class=\"has-text-align-center\" data-align=\"center\"><strong>MAIRIE D\u2019AUBENAS<br>4, Place de l\u2019H\u00f4tel de ville<br>07200 AUBENAS<br>04.75.87.81.00<\/strong><\/td><td>                                      <\/td><td class=\"has-text-align-center\" data-align=\"center\"><strong>MAIRIE DE LARGENTIERE<br>3, Avenue F\u00e9licien Blanc<br>07110 LARGENTIERE<br>04.75.39.28.60<\/strong><\/td><\/tr><\/tbody><\/table><\/figure>\n\n\n\n<p>OU LES MAIRIES DE <strong>Vals les Bains <\/strong>(04 75 37 42 08)&nbsp; \/ <strong>Thueyts<\/strong> (04 75 36 41 08)&nbsp; \/ <strong>Le Teil <\/strong>(04 75 49 63 20)&nbsp; \/ <strong>Privas <\/strong>(04 75 64 06 44)&nbsp; \/ <strong>Bourg St And\u00e9ol <\/strong>(04 75 54 85 00).<\/p>\n\n\n\n<p><span class=\"has-inline-color has-vivid-green-cyan-color\"><strong>2<\/strong>&#8211;&nbsp; <strong>PRE DEMANDE SUR LE SITE<\/strong>&nbsp;:<\/span> <\/p>\n\n\n\n<p><a href=\"http:\/\/predemande-cni.ants.gouv.fr\"><span class=\"has-inline-color has-light-green-cyan-color\">http:\/\/predemande-cni.ants.gouv.fr<\/span><\/a><\/p>\n\n\n\n<p>Se pr\u00e9senter en mairie avec les documents suivants :<\/p>\n\n\n\n<ul class=\"wp-block-list\"><li><strong>Une copie int\u00e9grale de votre acte de naissance<\/strong> en original -de 3 mois (en faire la demande \u00e0 votre mairie de naissance) <strong>ou<\/strong> carte d&rsquo;identit\u00e9 s\u00e9curis\u00e9e en cours de validit\u00e9.<\/li><\/ul>\n\n\n\n<ul class=\"wp-block-list\"><li><strong>2 photographies d&rsquo;identit\u00e9<\/strong> format 3,5cm x 4,5cm, sur fond clair, neutre, uni et en couleur. Les photos doivent \u00eatre r\u00e9centes, identiques, prises de face et t\u00eate nue et parfaitement ressemblantes au jour du d\u00e9p\u00f4t de la demande<\/li><\/ul>\n\n\n\n<ul class=\"wp-block-list\"><li><strong>1 justificatif de votre domicile<\/strong> (facture d&rsquo;\u00e9lectricit\u00e9, de t\u00e9l\u00e9phone&#8230;) \u00e0 votre nom et pr\u00e9nom (en original &#8211; de 3 mois) (si vous vivez chez vos parents ou autres, Pi\u00e8ce d&rsquo;identit\u00e9 + attestation d&rsquo;h\u00e9bergement).<\/li><\/ul>\n\n\n\n<ul class=\"wp-block-list\"><li><strong>Un document officiel avec photo vous permettant d&rsquo;attester de votre identit\u00e9<\/strong> (carte nationale d&rsquo;identit\u00e9, carte d&rsquo;identit\u00e9 professionnelle d\u00e9livr\u00e9e par une administration publique, permis de conduire, permis de chasser, etc.)<\/li><\/ul>\n\n\n\n<ul class=\"wp-block-list\"><li><strong>Le formulaire de demande<\/strong> internet si imprim\u00e9 <strong>ou<\/strong> le N\u00b0 de la demande internet<\/li><\/ul>\n\n\n\n<ul class=\"wp-block-list\"><li><strong>En cas de perte&nbsp;:&nbsp;&nbsp; un timbre fiscal de 25\u20ac<\/strong><\/li><\/ul>\n\n\n\n<p><em>Si vous n\u2019avez pas la possibilit\u00e9 d\u2019effectuer une pr\u00e9 demande sur internet celle-ci peut \u00eatre faite \u00e0 la mairie lors de votre rendez-vous.<\/em><em><\/em><\/p>\n\n\n\n<p><em><u>UNIQUEMENT POUR LES MAJEURS<\/u><\/em><em>&nbsp;: Si votre CNI a \u00e9t\u00e9 d\u00e9livr\u00e9e&nbsp; apr\u00e8s 2004 la prolongation de 5 ans de la validit\u00e9 de votre carte est automatique et ne n\u00e9cessit\u00e9 aucune d\u00e9marche. Cependant tous les Pays n\u2019acceptent pas cette r\u00e9glementation. Se renseigner aupr\u00e8s de la mairie.<\/em><\/p>\n\n\n\n<p><strong><u>En plus, pour les personnes mineures :<\/u><\/strong><\/p>\n\n\n\n<p><strong>La demande doit \u00eatre pr\u00e9sent\u00e9e par une personne exer\u00e7ant l&rsquo;autorit\u00e9 parentale.<\/strong><\/p>\n\n\n\n<ul class=\"wp-block-list\"><li><strong>1 copie d&rsquo;acte int\u00e9grale de naissance du demandeur<\/strong><\/li><\/ul>\n\n\n\n<ul class=\"wp-block-list\"><li>\u00c0 partir de 12 ans, une prise d&#8217;empreinte sera effectu\u00e9e<\/li><\/ul>\n\n\n\n<ul class=\"wp-block-list\"><li><strong>Selon les cas<\/strong>, le jugement de divorce fixant les conditions d&rsquo;exercice de l&rsquo;autorit\u00e9 parentale sur le mineur, la d\u00e9claration conjointe de l&rsquo;exercice de l&rsquo;autorit\u00e9 parentale le jugement de tutelle, l&rsquo;ordonnance du juge aux affaires familiales fixant les conditions d&rsquo;exercice de l&rsquo;autorit\u00e9 parentale.<\/li><\/ul>\n\n\n\n<ul class=\"wp-block-list\"><li><strong>Une pi\u00e8ce d&rsquo;identit\u00e9 du repr\u00e9sentant l\u00e9gal<\/strong><\/li><\/ul>\n\n\n\n<ul class=\"wp-block-list\"><li><strong>le cas \u00e9ch\u00e9ant, une pi\u00e8ce d&rsquo;identit\u00e9 du mineur.<\/strong><\/li><\/ul>\n\n\n\n<p><\/p>\n","protected":false},"excerpt":{"rendered":"<p>D\u00c9MARCHE CARTE NATIONALE D&rsquo;IDENTIT\u00c9 1- CONTACTER LA MAIRIE POUR PRENDRE UN RENDEZ-VOUS : MAIRIE D\u2019AUBENAS4, Place de l\u2019H\u00f4tel de ville07200 AUBENAS04.75.87.81.00 MAIRIE DE LARGENTIERE3, Avenue F\u00e9licien Blanc07110 LARGENTIERE04.75.39.28.60 OU LES MAIRIES DE Vals les Bains (04 75 37 42 08)&nbsp; \/ Thueyts (04 75 36 41 08)&nbsp; \/ Le Teil&#8230;<\/p>\n<p> <a class=\"continue-reading-link\" href=\"https:\/\/www.ruoms.fr\/index.php\/carte-didentite\/\"><span>Lire la suite<\/span><i class=\"crycon-right-dir\"><\/i><\/a> <\/p>\n","protected":false},"author":2,"featured_media":0,"parent":0,"menu_order":0,"comment_status":"closed","ping_status":"closed","template":"","meta":{"footnotes":""},"class_list":["post-446","page","type-page","status-publish","hentry"],"publishpress_future_action":{"enabled":false,"date":"2026-04-29 13:38:10","action":"change-status","newStatus":"draft","terms":[],"taxonomy":""},"publishpress_future_workflow_manual_trigger":{"enabledWorkflows":[]},"_links":{"self":[{"href":"https:\/\/www.ruoms.fr\/index.php\/wp-json\/wp\/v2\/pages\/446","targetHints":{"allow":["GET"]}}],"collection":[{"href":"https:\/\/www.ruoms.fr\/index.php\/wp-json\/wp\/v2\/pages"}],"about":[{"href":"https:\/\/www.ruoms.fr\/index.php\/wp-json\/wp\/v2\/types\/page"}],"author":[{"embeddable":true,"href":"https:\/\/www.ruoms.fr\/index.php\/wp-json\/wp\/v2\/users\/2"}],"replies":[{"embeddable":true,"href":"https:\/\/www.ruoms.fr\/index.php\/wp-json\/wp\/v2\/comments?post=446"}],"version-history":[{"count":6,"href":"https:\/\/www.ruoms.fr\/index.php\/wp-json\/wp\/v2\/pages\/446\/revisions"}],"predecessor-version":[{"id":934,"href":"https:\/\/www.ruoms.fr\/index.php\/wp-json\/wp\/v2\/pages\/446\/revisions\/934"}],"wp:attachment":[{"href":"https:\/\/www.ruoms.fr\/index.php\/wp-json\/wp\/v2\/media?parent=446"}],"curies":[{"name":"wp","href":"https:\/\/api.w.org\/{rel}","templated":true}]}}