{"id":606,"date":"2021-02-25T22:22:04","date_gmt":"2021-02-25T21:22:04","guid":{"rendered":"http:\/\/www.ruoms.fr\/?page_id=606"},"modified":"2024-04-25T16:03:21","modified_gmt":"2024-04-25T14:03:21","slug":"periscolaire","status":"publish","type":"page","link":"https:\/\/www.ruoms.fr\/index.php\/periscolaire\/","title":{"rendered":"P\u00e9riscolaire"},"content":{"rendered":"\n<p>Les r\u00e9servations aux services p\u00e9riscolaires de l&rsquo;\u00e9cole Jean-Moulin : restaurant scolaire, accueil p\u00e9riscolaire se font en ligne sur le PORTAIL FAMILLE P\u00c9RISCOLAIRE ( <a rel=\"noreferrer noopener\" href=\"https:\/\/ruoms.numerian.fr\/guard\/login\" data-type=\"URL\" data-id=\"https:\/\/ruoms.numerian.fr\/guard\/login\" target=\"_blank\">https:\/\/ruoms.numerian.fr\/guard\/login<\/a> ) c\u2019est un service simple, gratuit et disponible 24h\/24 &#8211; 7j\/7 destin\u00e9 \u00e0 simplifier le quotidien des parents.<\/p>\n\n\n\n<h1 class=\"wp-block-heading has-text-color has-large-font-size\" style=\"color:#4bb28c\"><strong>Avec le Portail FAMILLE vous pouvez :<\/strong><\/h1>\n\n\n\n<ul style=\"background-color:#dbe6ea\" class=\"has-background wp-block-list\">\n<li>Inscrire votre enfant \u00e0 la garderie communale, la restauration scolaire et planifier son emploi du temps<\/li>\n\n\n\n<li>Payer vos factures en ligne, consulter l\u2019historique des paiements<\/li>\n\n\n\n<li>Consulter votre dossier et modifier vos informations personnelles<\/li>\n<\/ul>\n\n\n\n<h2 class=\"wp-block-heading has-text-color has-large-font-size\" style=\"color:#4bb28c\"><strong>Mais aussi : <\/strong><\/h2>\n\n\n\n<ul class=\"has-cyan-bluish-gray-background-color has-background wp-block-list\">\n<li>\u00c9changer avec les services via une messagerie<\/li>\n\n\n\n<li>Recevoir des rappels pour les dates d\u2019inscriptions, de paiement etc.<\/li>\n<\/ul>\n\n\n\n<h1 class=\"wp-block-heading has-text-color has-large-font-size\" style=\"color:#4bb28c\"><strong>Les documents \u00e0 t\u00e9l\u00e9charger et \u00e0 retourner en mairie<\/strong> <\/h1>\n\n\n\n<ul class=\"wp-block-list\">\n<li><img decoding=\"async\" class=\"wp-image-1101\" style=\"width: NaNpx;\" src=\"https:\/\/www.ruoms.fr\/wp-content\/uploads\/2021\/04\/BULLETIN-PORTAIL-FAMILLE-1.pdf\" alt=\"\"><img decoding=\"async\" class=\"wp-image-1116\" style=\"width: NaNpx;\" src=\"https:\/\/www.ruoms.fr\/wp-content\/uploads\/2021\/04\/BULLETIN-PORTAIL-FAMILLE-2.pdf\" alt=\"\"><a href=\"https:\/\/www.ruoms.fr\/wp-content\/uploads\/2021\/04\/BULLETIN-PORTAIL-FAMILLE-2.pdf\">Le bulletin d&rsquo;acc\u00e8s au portail famille<\/a>  <strong>\u00e0 compl\u00e9ter, signer et me retourner<\/strong> (une seule fiche par famille, les parents s\u00e9par\u00e9s, qui souhaitent disposer d&rsquo;un compte famille chacun, peuvent remplir une fiche famille chacun)<\/li>\n\n\n\n<li><a href=\"https:\/\/www.ruoms.fr\/wp-content\/uploads\/2021\/04\/REGLEMENT-INTERIEUR-GARDERIE-MUNICIPALE-1.pdf\">Le r\u00e8glement de la garderie<\/a> merci d&rsquo;en prendre connaissance et de<strong> retourner les coupons sign\u00e9s.<\/strong><\/li>\n\n\n\n<li><a href=\"https:\/\/www.ruoms.fr\/wp-content\/uploads\/2021\/04\/REGLEMENT-INTERIEUR-RESTAURANT-SCOLAIRE.pdf\">Le r\u00e8glement du restaurant scolaire<\/a> merci d&rsquo;en prendre connaissance et de<strong> retourner les coupons sign\u00e9s.<\/strong><\/li>\n<\/ul>\n\n\n\n<p> <strong>\u00c0 la suite de cela vous recevrez vos identifiants de connexion ainsi qu\u2019un tutoriel qui explique comment \u00e9voluer sur le portail famille.<\/strong><\/p>\n\n\n\n<h1 class=\"wp-block-heading has-text-color has-large-font-size\" style=\"color:#4bb28c\"><strong>Les horaires &amp; tarifs (les tarifs sont fix\u00e9s par d\u00e9lib\u00e9ration du conseil municipal) :<\/strong> <\/h1>\n\n\n\n<figure class=\"wp-block-table\"><table><tbody><tr><td>Temps p\u00e9riscolaire<\/td><td>Horaire<\/td><td>Tarif<\/td><\/tr><tr><td>Garderie du matin <\/td><td>7h30 \u00e0 8h20<\/td><td>1.20\u20ac<\/td><\/tr><tr><td>Garderie du soir <\/td><td>16h30 \u00e0 17h30<\/td><td>1.20\u20ac<\/td><\/tr><tr><td>Garderie du soir <\/td><td>16h30 \u00e0 18h<\/td><td>1.80\u20ac<\/td><\/tr><tr><td>Pause m\u00e9ridienne (repas)<\/td><td>11h30 \u00e0 13h30<\/td><td>4.00\u20ac<\/td><\/tr><\/tbody><\/table><\/figure>\n\n\n\n<p><strong>Les enfants victimes d\u2019allergie, ou intol\u00e9rance alimentaire, attest\u00e9e m\u00e9dicalement :<\/strong> L\u2019enfant pourra alors apporter son panier repas (en respectant les normes de confection du panier repas) qui sera \u00e0 d\u00e9poser par les parents le matin \u00e0 la cantine. Les paniers repas ne sont autoris\u00e9s que pour les enfants soumis \u00e0 un PAI. Dans ce cas le tarif pour la pause m\u00e9ridienne est de 2.15\u20ac.<\/p>\n\n\n\n<h2 class=\"wp-block-heading has-luminous-vivid-amber-color has-text-color has-large-font-size\"><strong>Votre interlocutrice :<\/strong><\/h2>\n\n\n\n<div class=\"wp-block-group\"><div class=\"wp-block-group__inner-container is-layout-flow wp-block-group-is-layout-flow\">\n<div class=\"wp-block-group\"><div class=\"wp-block-group__inner-container is-layout-flow wp-block-group-is-layout-flow\">\n<figure class=\"wp-block-image size-full is-resized\"><img loading=\"lazy\" decoding=\"async\" width=\"206\" height=\"211\" src=\"https:\/\/www.ruoms.fr\/wp-content\/uploads\/2024\/03\/L.MARSAL.png\" alt=\"\" class=\"wp-image-3025\" style=\"width:120px;height:126px\" srcset=\"https:\/\/www.ruoms.fr\/wp-content\/uploads\/2024\/03\/L.MARSAL.png 206w, https:\/\/www.ruoms.fr\/wp-content\/uploads\/2024\/03\/L.MARSAL-146x150.png 146w\" sizes=\"auto, (max-width: 206px) 100vw, 206px\" \/><\/figure>\n\n\n\n<div class=\"wp-block-group\"><div class=\"wp-block-group__inner-container is-layout-flow wp-block-group-is-layout-flow\">\n<div class=\"wp-block-group\"><div class=\"wp-block-group__inner-container is-layout-flow wp-block-group-is-layout-flow\">\n<div class=\"wp-block-group\"><div class=\"wp-block-group__inner-container is-layout-flow wp-block-group-is-layout-flow\">\n<p class=\"has-black-color has-text-color has-link-color wp-elements-87a231932208b30895d01d5776857d39\"><strong>LAURA MARSAL<\/strong><br><em>Charg\u00e9e des affaires scolaires <\/em><\/p>\n\n\n\n<div class=\"wp-block-group\"><div class=\"wp-block-group__inner-container is-layout-flow wp-block-group-is-layout-flow\">\n<p><strong>Contact :<\/strong><a href=\"affairescolaire@ruoms.fr\"> <\/a><a href=\"mailto:affairescolaire@ruoms.fr\">affairescolaire@ruoms.fr<\/a><strong> ou au 04 75 39 98 25<\/strong><\/p>\n<\/div><\/div>\n<\/div><\/div>\n<\/div><\/div>\n<\/div><\/div>\n<\/div><\/div>\n<\/div><\/div>\n\n\n\n<p><\/p>\n\n\n\n<h2 class=\"wp-block-heading has-large-font-size\"><\/h2>\n\n\n\n<h2 class=\"wp-block-heading\"><\/h2>\n","protected":false},"excerpt":{"rendered":"<p>Les r\u00e9servations aux services p\u00e9riscolaires de l&rsquo;\u00e9cole Jean-Moulin : restaurant scolaire, accueil p\u00e9riscolaire se font en ligne sur le PORTAIL FAMILLE P\u00c9RISCOLAIRE ( https:\/\/ruoms.numerian.fr\/guard\/login ) c\u2019est un service simple, gratuit et disponible 24h\/24 &#8211; 7j\/7 destin\u00e9 \u00e0 simplifier le quotidien des parents. Avec le Portail FAMILLE vous pouvez : Mais&#8230;<\/p>\n<p> <a class=\"continue-reading-link\" href=\"https:\/\/www.ruoms.fr\/index.php\/periscolaire\/\"><span>Lire la suite<\/span><i class=\"crycon-right-dir\"><\/i><\/a> <\/p>\n","protected":false},"author":2,"featured_media":0,"parent":0,"menu_order":0,"comment_status":"closed","ping_status":"closed","template":"","meta":{"footnotes":""},"class_list":["post-606","page","type-page","status-publish","hentry"],"publishpress_future_action":{"enabled":false,"date":"2026-04-23 07:27:44","action":"change-status","newStatus":"draft","terms":[],"taxonomy":""},"publishpress_future_workflow_manual_trigger":{"enabledWorkflows":[]},"_links":{"self":[{"href":"https:\/\/www.ruoms.fr\/index.php\/wp-json\/wp\/v2\/pages\/606","targetHints":{"allow":["GET"]}}],"collection":[{"href":"https:\/\/www.ruoms.fr\/index.php\/wp-json\/wp\/v2\/pages"}],"about":[{"href":"https:\/\/www.ruoms.fr\/index.php\/wp-json\/wp\/v2\/types\/page"}],"author":[{"embeddable":true,"href":"https:\/\/www.ruoms.fr\/index.php\/wp-json\/wp\/v2\/users\/2"}],"replies":[{"embeddable":true,"href":"https:\/\/www.ruoms.fr\/index.php\/wp-json\/wp\/v2\/comments?post=606"}],"version-history":[{"count":16,"href":"https:\/\/www.ruoms.fr\/index.php\/wp-json\/wp\/v2\/pages\/606\/revisions"}],"predecessor-version":[{"id":3116,"href":"https:\/\/www.ruoms.fr\/index.php\/wp-json\/wp\/v2\/pages\/606\/revisions\/3116"}],"wp:attachment":[{"href":"https:\/\/www.ruoms.fr\/index.php\/wp-json\/wp\/v2\/media?parent=606"}],"curies":[{"name":"wp","href":"https:\/\/api.w.org\/{rel}","templated":true}]}}