{"id":628,"date":"2021-02-25T22:30:52","date_gmt":"2021-02-25T21:30:52","guid":{"rendered":"http:\/\/www.ruoms.fr\/?page_id=628"},"modified":"2021-05-25T10:25:34","modified_gmt":"2021-05-25T08:25:34","slug":"plan-local-durbanisme","status":"publish","type":"page","link":"https:\/\/www.ruoms.fr\/index.php\/plan-local-durbanisme\/","title":{"rendered":"Plan local d&rsquo;urbanisme"},"content":{"rendered":"\n<p>Pour consulter le PLU, veuillez cliquer ci-dessous : <\/p>\n\n\n\n<div class=\"wp-block-buttons is-layout-flex wp-block-buttons-is-layout-flex\">\n<div class=\"wp-block-button\"><a class=\"wp-block-button__link\" href=\"https:\/\/www.geoportail-urbanisme.gouv.fr\/map\/#tile=1&amp;lon=4.341767&amp;lat=44.452905999999984&amp;zoom=13&amp;mlon=4.341767&amp;mlat=44.452906\" target=\"_blank\" rel=\"noreferrer noopener\">PLU<\/a><\/div>\n<\/div>\n\n\n\n<p>Pour consulter un r\u00e8glement de zone, veuillez cliquer sur t\u00e9l\u00e9charger : <\/p>\n\n\n\n<div class=\"wp-block-file\"><a href=\"https:\/\/www.ruoms.fr\/wp-content\/uploads\/2021\/05\/dispositions-generales-PLU-1.pdf\">dispositions g\u00e9n\u00e9rales<\/a><a href=\"https:\/\/www.ruoms.fr\/wp-content\/uploads\/2021\/05\/dispositions-generales-PLU-1.pdf\" class=\"wp-block-file__button\" download>T\u00e9l\u00e9charger<\/a><\/div>\n\n\n\n<div class=\"wp-block-file\"><a href=\"https:\/\/www.ruoms.fr\/wp-content\/uploads\/2021\/05\/Zone-UB-2.pdf\">Zone-UB<\/a><a href=\"https:\/\/www.ruoms.fr\/wp-content\/uploads\/2021\/05\/Zone-UB-2.pdf\" class=\"wp-block-file__button\" download>T\u00e9l\u00e9charger<\/a><\/div>\n\n\n\n<div class=\"wp-block-file\"><a href=\"https:\/\/www.ruoms.fr\/wp-content\/uploads\/2021\/05\/Zone-A-1.pdf\">Zone-A<\/a><a href=\"https:\/\/www.ruoms.fr\/wp-content\/uploads\/2021\/05\/Zone-A-1.pdf\" class=\"wp-block-file__button\" download>T\u00e9l\u00e9charger<\/a><\/div>\n\n\n\n<div class=\"wp-block-file\"><a href=\"https:\/\/www.ruoms.fr\/wp-content\/uploads\/2021\/05\/Zone-N-1.pdf\">Zone-N<\/a><a href=\"https:\/\/www.ruoms.fr\/wp-content\/uploads\/2021\/05\/Zone-N-1.pdf\" class=\"wp-block-file__button\" download>T\u00e9l\u00e9charger<\/a><\/div>\n\n\n\n<div class=\"wp-block-file\"><a href=\"https:\/\/www.ruoms.fr\/wp-content\/uploads\/2021\/05\/Zone-UA-1.pdf\">Zone-UA<\/a><a href=\"https:\/\/www.ruoms.fr\/wp-content\/uploads\/2021\/05\/Zone-UA-1.pdf\" class=\"wp-block-file__button\" download>T\u00e9l\u00e9charger<\/a><\/div>\n\n\n\n<div class=\"wp-block-file\"><a href=\"https:\/\/www.ruoms.fr\/wp-content\/uploads\/2021\/05\/Zone-1AU-1.pdf\">Zone-1AU<\/a><a href=\"https:\/\/www.ruoms.fr\/wp-content\/uploads\/2021\/05\/Zone-1AU-1.pdf\" class=\"wp-block-file__button\" download>T\u00e9l\u00e9charger<\/a><\/div>\n\n\n\n<div class=\"wp-block-file\"><a href=\"https:\/\/www.ruoms.fr\/wp-content\/uploads\/2021\/05\/zone-UD-1.pdf\">zone-UD<\/a><a href=\"https:\/\/www.ruoms.fr\/wp-content\/uploads\/2021\/05\/zone-UD-1.pdf\" class=\"wp-block-file__button\" download>T\u00e9l\u00e9charger<\/a><\/div>\n\n\n\n<div class=\"wp-block-file\"><a href=\"https:\/\/www.ruoms.fr\/wp-content\/uploads\/2021\/05\/Zone-UE-1.pdf\">Zone-UE<\/a><a href=\"https:\/\/www.ruoms.fr\/wp-content\/uploads\/2021\/05\/Zone-UE-1.pdf\" class=\"wp-block-file__button\" download>T\u00e9l\u00e9charger<\/a><\/div>\n\n\n\n<div class=\"wp-block-file\"><a href=\"https:\/\/www.ruoms.fr\/wp-content\/uploads\/2021\/05\/Zone-UI-1.pdf\">Zone-UI<\/a><a href=\"https:\/\/www.ruoms.fr\/wp-content\/uploads\/2021\/05\/Zone-UI-1.pdf\" class=\"wp-block-file__button\" download>T\u00e9l\u00e9charger<\/a><\/div>\n\n\n\n<div class=\"wp-block-file\"><a href=\"https:\/\/www.ruoms.fr\/wp-content\/uploads\/2021\/05\/Zone-UT-1.pdf\">Zone-UT<\/a><a href=\"https:\/\/www.ruoms.fr\/wp-content\/uploads\/2021\/05\/Zone-UT-1.pdf\" class=\"wp-block-file__button\" download>T\u00e9l\u00e9charger<\/a><\/div>\n","protected":false},"excerpt":{"rendered":"<p>Pour consulter le PLU, veuillez cliquer ci-dessous : Pour consulter un r\u00e8glement de zone, veuillez cliquer sur t\u00e9l\u00e9charger :<\/p>\n<p> <a class=\"continue-reading-link\" href=\"https:\/\/www.ruoms.fr\/index.php\/plan-local-durbanisme\/\"><span>Lire la suite<\/span><i class=\"crycon-right-dir\"><\/i><\/a> <\/p>\n","protected":false},"author":2,"featured_media":0,"parent":0,"menu_order":0,"comment_status":"closed","ping_status":"closed","template":"","meta":{"footnotes":""},"class_list":["post-628","page","type-page","status-publish","hentry"],"publishpress_future_action":{"enabled":false,"date":"2026-04-25 08:54:30","action":"change-status","newStatus":"draft","terms":[],"taxonomy":""},"publishpress_future_workflow_manual_trigger":{"enabledWorkflows":[]},"_links":{"self":[{"href":"https:\/\/www.ruoms.fr\/index.php\/wp-json\/wp\/v2\/pages\/628","targetHints":{"allow":["GET"]}}],"collection":[{"href":"https:\/\/www.ruoms.fr\/index.php\/wp-json\/wp\/v2\/pages"}],"about":[{"href":"https:\/\/www.ruoms.fr\/index.php\/wp-json\/wp\/v2\/types\/page"}],"author":[{"embeddable":true,"href":"https:\/\/www.ruoms.fr\/index.php\/wp-json\/wp\/v2\/users\/2"}],"replies":[{"embeddable":true,"href":"https:\/\/www.ruoms.fr\/index.php\/wp-json\/wp\/v2\/comments?post=628"}],"version-history":[{"count":12,"href":"https:\/\/www.ruoms.fr\/index.php\/wp-json\/wp\/v2\/pages\/628\/revisions"}],"predecessor-version":[{"id":1343,"href":"https:\/\/www.ruoms.fr\/index.php\/wp-json\/wp\/v2\/pages\/628\/revisions\/1343"}],"wp:attachment":[{"href":"https:\/\/www.ruoms.fr\/index.php\/wp-json\/wp\/v2\/media?parent=628"}],"curies":[{"name":"wp","href":"https:\/\/api.w.org\/{rel}","templated":true}]}}