{"id":679,"date":"2021-02-25T22:51:29","date_gmt":"2021-02-25T21:51:29","guid":{"rendered":"http:\/\/www.ruoms.fr\/?page_id=679"},"modified":"2024-05-31T09:27:52","modified_gmt":"2024-05-31T07:27:52","slug":"telealerte","status":"publish","type":"page","link":"https:\/\/www.ruoms.fr\/index.php\/telealerte\/","title":{"rendered":"T\u00e9l\u00e9alerte"},"content":{"rendered":"\n<p><strong>La <strong>Mairie de Ruoms<\/strong> s\u2019est dot\u00e9e d\u2019un syst\u00e8me d\u2019appels automatis\u00e9, destin\u00e9 \u00e0 alerter dans les plus brefs d\u00e9lais la totalit\u00e9 ou une partie de la population de la commune, en cas de situation de crise (inondations, temp\u00eates, accidents industriels, incident sanitaire ou autres catastrophes).<\/strong><br><strong>Ce nouveau service est gratuit pour les personnes inscrites.<\/strong><\/p>\n\n\n\n<p>Plus d&rsquo;informations en cliquant sur le lien :<\/p>\n\n\n\n<div class=\"wp-block-buttons is-layout-flex wp-block-buttons-is-layout-flex\">\n<div class=\"wp-block-button\"><a class=\"wp-block-button__link wp-element-button\" href=\"https:\/\/www.inscription-volontaire.com\/ruoms\/\" target=\"_blank\" rel=\"noreferrer noopener\">Lien T\u00e9l\u00e9alerte<\/a><\/div>\n<\/div>\n\n\n\n<p><small><br><\/small><\/p>\n","protected":false},"excerpt":{"rendered":"<p>La Mairie de Ruoms s\u2019est dot\u00e9e d\u2019un syst\u00e8me d\u2019appels automatis\u00e9, destin\u00e9 \u00e0 alerter dans les plus brefs d\u00e9lais la totalit\u00e9 ou une partie de la population de la commune, en cas de situation de crise (inondations, temp\u00eates, accidents industriels, incident sanitaire ou autres catastrophes).Ce nouveau service est gratuit pour les&#8230;<\/p>\n<p> <a class=\"continue-reading-link\" href=\"https:\/\/www.ruoms.fr\/index.php\/telealerte\/\"><span>Lire la suite<\/span><i class=\"crycon-right-dir\"><\/i><\/a> <\/p>\n","protected":false},"author":2,"featured_media":0,"parent":0,"menu_order":0,"comment_status":"closed","ping_status":"closed","template":"","meta":{"footnotes":""},"class_list":["post-679","page","type-page","status-publish","hentry"],"publishpress_future_action":{"enabled":false,"date":"2026-04-28 15:55:59","action":"change-status","newStatus":"draft","terms":[],"taxonomy":""},"publishpress_future_workflow_manual_trigger":{"enabledWorkflows":[]},"_links":{"self":[{"href":"https:\/\/www.ruoms.fr\/index.php\/wp-json\/wp\/v2\/pages\/679","targetHints":{"allow":["GET"]}}],"collection":[{"href":"https:\/\/www.ruoms.fr\/index.php\/wp-json\/wp\/v2\/pages"}],"about":[{"href":"https:\/\/www.ruoms.fr\/index.php\/wp-json\/wp\/v2\/types\/page"}],"author":[{"embeddable":true,"href":"https:\/\/www.ruoms.fr\/index.php\/wp-json\/wp\/v2\/users\/2"}],"replies":[{"embeddable":true,"href":"https:\/\/www.ruoms.fr\/index.php\/wp-json\/wp\/v2\/comments?post=679"}],"version-history":[{"count":7,"href":"https:\/\/www.ruoms.fr\/index.php\/wp-json\/wp\/v2\/pages\/679\/revisions"}],"predecessor-version":[{"id":3196,"href":"https:\/\/www.ruoms.fr\/index.php\/wp-json\/wp\/v2\/pages\/679\/revisions\/3196"}],"wp:attachment":[{"href":"https:\/\/www.ruoms.fr\/index.php\/wp-json\/wp\/v2\/media?parent=679"}],"curies":[{"name":"wp","href":"https:\/\/api.w.org\/{rel}","templated":true}]}}