{"id":682,"date":"2021-02-25T22:51:30","date_gmt":"2021-02-25T21:51:30","guid":{"rendered":"http:\/\/www.ruoms.fr\/?page_id=682"},"modified":"2025-05-23T09:14:25","modified_gmt":"2025-05-23T07:14:25","slug":"le-marche","status":"publish","type":"page","link":"https:\/\/www.ruoms.fr\/index.php\/le-marche\/","title":{"rendered":"Le march\u00e9"},"content":{"rendered":"\n<div class=\"wp-block-media-text alignwide is-stacked-on-mobile\"><figure class=\"wp-block-media-text__media\"><img loading=\"lazy\" decoding=\"async\" width=\"1024\" height=\"709\" src=\"https:\/\/www.ruoms.fr\/wp-content\/uploads\/2021\/04\/marche-1024x709.jpg\" alt=\"\" class=\"wp-image-983 size-full\" srcset=\"https:\/\/www.ruoms.fr\/wp-content\/uploads\/2021\/04\/marche-1024x709.jpg 1024w, https:\/\/www.ruoms.fr\/wp-content\/uploads\/2021\/04\/marche-300x208.jpg 300w, https:\/\/www.ruoms.fr\/wp-content\/uploads\/2021\/04\/marche-768x532.jpg 768w, https:\/\/www.ruoms.fr\/wp-content\/uploads\/2021\/04\/marche-1536x1063.jpg 1536w, https:\/\/www.ruoms.fr\/wp-content\/uploads\/2021\/04\/marche-2048x1417.jpg 2048w, https:\/\/www.ruoms.fr\/wp-content\/uploads\/2021\/04\/marche-150x104.jpg 150w\" sizes=\"auto, (max-width: 1024px) 100vw, 1024px\" \/><\/figure><div class=\"wp-block-media-text__content\">\n<p style=\"font-size:22px\"><strong>Les march\u00e9s hebdomadaires<\/strong> sont tous les vendredis matin place g\u00e9n\u00e9ral de Gaulle de 8&nbsp;h&nbsp;00 \u00e0 14&nbsp;h&nbsp;00 pour la p\u00e9riode du 01\/09 au 30\/06 et de 8&nbsp;h&nbsp;00 \u00e0 14&nbsp;h&nbsp;30 pour la p\u00e9riode du 01\/07 au 31\/08 de chaque ann\u00e9e.<\/p>\n\n\n\n<p style=\"font-size:22px\"><strong>Les &nbsp;March\u00e9s nocturnes<\/strong> sont tous les mercredis,&nbsp;avenue de la gare \u00e0 partir de 17&nbsp;h&nbsp;00&nbsp;&nbsp;du 01\/07 au 31\/08<\/p>\n\n\n\n<p><\/p>\n<\/div><\/div>\n\n\n\n<h2 class=\"wp-block-heading\">Tarifs emplacements :<\/h2>\n\n\n\n<h2 class=\"wp-block-heading\"><strong>Les march\u00e9s hebdomadaires<\/strong>    <\/h2>\n\n\n\n<h4 class=\"wp-block-heading\">&nbsp;Les tarifs des droits de place sont&nbsp;: <\/h4>\n\n\n\n<h4 class=\"wp-block-heading\">1.00 \u20ac le ml pour la p\u00e9riode du 01\/12 au 28\/02<\/h4>\n\n\n\n<h4 class=\"wp-block-heading\">2.00 \u20ac le ml pour les p\u00e9riodes du 01\/03 au 30\/06 et du 01\/09 au 30\/11<\/h4>\n\n\n\n<h4 class=\"wp-block-heading\">4.00 \u20ac ml pour la p\u00e9riode du 01\/07 au 31\/08<\/h4>\n\n\n\n<h4 class=\"wp-block-heading\">\u00c9lectricit\u00e9 7.00 \u20ac par march\u00e9<\/h4>\n\n\n\n<h4 class=\"wp-block-heading\">Les emplacements pour les passagers &nbsp;sont attribu\u00e9s \u00e0 partir de 8&nbsp;h&nbsp;05&nbsp;apr\u00e8s le contr\u00f4le des documents aff\u00e9rents au commerce (carte commer\u00e7ant, assurance responsabilit\u00e9 professionnelle, Kbis de moins de 3&nbsp;mois).&nbsp; &nbsp;&nbsp;&nbsp;&nbsp;&nbsp;&nbsp;&nbsp;&nbsp;&nbsp;&nbsp;&nbsp;&nbsp;&nbsp;&nbsp;&nbsp;&nbsp;&nbsp;&nbsp;&nbsp;&nbsp;&nbsp;&nbsp;&nbsp;&nbsp;&nbsp;&nbsp;&nbsp;&nbsp;&nbsp;&nbsp;&nbsp;&nbsp;&nbsp;&nbsp;&nbsp;&nbsp;&nbsp;&nbsp;&nbsp;&nbsp;&nbsp;&nbsp;&nbsp;&nbsp;&nbsp;&nbsp;&nbsp;&nbsp;&nbsp;&nbsp;&nbsp;&nbsp;&nbsp;&nbsp;&nbsp;&nbsp;&nbsp;&nbsp;&nbsp;&nbsp;&nbsp;&nbsp;&nbsp;&nbsp;&nbsp;&nbsp;&nbsp;&nbsp;&nbsp;&nbsp;&nbsp;&nbsp;&nbsp;&nbsp;&nbsp;&nbsp;&nbsp;&nbsp;&nbsp;&nbsp;&nbsp;&nbsp;&nbsp;&nbsp;&nbsp;&nbsp;&nbsp;&nbsp;&nbsp;&nbsp;&nbsp;&nbsp;&nbsp;&nbsp;&nbsp;&nbsp;&nbsp;&nbsp;&nbsp;&nbsp;&nbsp;&nbsp;&nbsp;&nbsp;&nbsp;&nbsp;&nbsp;&nbsp;&nbsp;&nbsp;&nbsp;&nbsp;&nbsp;&nbsp;&nbsp;&nbsp;&nbsp;&nbsp;&nbsp;&nbsp;&nbsp;&nbsp;&nbsp;&nbsp;&nbsp;&nbsp;&nbsp;&nbsp;&nbsp;&nbsp;&nbsp;&nbsp;&nbsp;&nbsp;&nbsp;&nbsp;&nbsp;&nbsp;&nbsp;&nbsp;&nbsp;&nbsp;&nbsp;&nbsp;&nbsp;&nbsp;&nbsp;&nbsp;&nbsp;&nbsp;&nbsp;&nbsp;&nbsp;&nbsp;&nbsp;&nbsp;&nbsp;&nbsp;&nbsp;&nbsp;&nbsp;&nbsp;&nbsp;&nbsp;&nbsp;&nbsp;&nbsp;&nbsp;&nbsp;&nbsp;&nbsp;&nbsp;&nbsp;&nbsp;&nbsp;&nbsp;&nbsp;&nbsp;&nbsp;&nbsp;&nbsp;&nbsp;&nbsp;&nbsp;&nbsp;&nbsp;&nbsp;&nbsp;&nbsp;&nbsp;&nbsp;&nbsp;&nbsp;&nbsp;&nbsp;&nbsp;&nbsp;&nbsp;&nbsp;&nbsp;&nbsp;&nbsp;&nbsp;&nbsp;&nbsp;&nbsp;&nbsp;&nbsp;&nbsp;&nbsp;&nbsp;&nbsp;&nbsp;&nbsp;&nbsp;&nbsp;&nbsp;&nbsp; <\/h4>\n\n\n\n<h2 class=\"wp-block-heading\"><strong>Les &nbsp;March\u00e9s nocturnes<\/strong> <\/h2>\n\n\n\n<h4 class=\"wp-block-heading\">Le tarif &nbsp;des droits de place sont&nbsp;: <\/h4>\n\n\n\n<h4 class=\"wp-block-heading\">14.00 \u20ac le premier ml, \u00a0puis 3.00 \u20ac par m\u00e8tre suppl\u00e9mentaire, \u00e9lectricit\u00e9 comprise.<\/h4>\n\n\n\n<h4 class=\"wp-block-heading\">17&nbsp;h&nbsp;00 pour les cr\u00e9ateurs (partie basse du march\u00e9)&nbsp; apr\u00e8s le contr\u00f4le des documents aff\u00e9rents au commerce (carte commer\u00e7ant, assurance responsabilit\u00e9 professionnelle, Kbis de moins de 3 mois)&nbsp; <\/h4>\n\n\n\n<h4 class=\"wp-block-heading\">Les emplacements pour les passagers sont attribu\u00e9s \u00e0 partir de 18&nbsp;h&nbsp;00 pour les autres exposants apr\u00e8s le contr\u00f4le des documents aff\u00e9rents au commerce (carte commer\u00e7ant, assurance responsabilit\u00e9 professionnelle, Kbis de moins de 3 mois).<\/h4>\n","protected":false},"excerpt":{"rendered":"<p>Les march\u00e9s hebdomadaires sont tous les vendredis matin place g\u00e9n\u00e9ral de Gaulle de 8&nbsp;h&nbsp;00 \u00e0 14&nbsp;h&nbsp;00 pour la p\u00e9riode du 01\/09 au 30\/06 et de 8&nbsp;h&nbsp;00 \u00e0 14&nbsp;h&nbsp;30 pour la p\u00e9riode du 01\/07 au 31\/08 de chaque ann\u00e9e. Les &nbsp;March\u00e9s nocturnes sont tous les mercredis,&nbsp;avenue de la gare \u00e0 partir&#8230;<\/p>\n<p> <a class=\"continue-reading-link\" href=\"https:\/\/www.ruoms.fr\/index.php\/le-marche\/\"><span>Lire la suite<\/span><i class=\"crycon-right-dir\"><\/i><\/a> <\/p>\n","protected":false},"author":2,"featured_media":0,"parent":0,"menu_order":0,"comment_status":"closed","ping_status":"closed","template":"","meta":{"footnotes":""},"class_list":["post-682","page","type-page","status-publish","hentry"],"publishpress_future_action":{"enabled":false,"date":"2026-04-26 05:55:45","action":"change-status","newStatus":"draft","terms":[],"taxonomy":""},"publishpress_future_workflow_manual_trigger":{"enabledWorkflows":[]},"_links":{"self":[{"href":"https:\/\/www.ruoms.fr\/index.php\/wp-json\/wp\/v2\/pages\/682","targetHints":{"allow":["GET"]}}],"collection":[{"href":"https:\/\/www.ruoms.fr\/index.php\/wp-json\/wp\/v2\/pages"}],"about":[{"href":"https:\/\/www.ruoms.fr\/index.php\/wp-json\/wp\/v2\/types\/page"}],"author":[{"embeddable":true,"href":"https:\/\/www.ruoms.fr\/index.php\/wp-json\/wp\/v2\/users\/2"}],"replies":[{"embeddable":true,"href":"https:\/\/www.ruoms.fr\/index.php\/wp-json\/wp\/v2\/comments?post=682"}],"version-history":[{"count":7,"href":"https:\/\/www.ruoms.fr\/index.php\/wp-json\/wp\/v2\/pages\/682\/revisions"}],"predecessor-version":[{"id":3559,"href":"https:\/\/www.ruoms.fr\/index.php\/wp-json\/wp\/v2\/pages\/682\/revisions\/3559"}],"wp:attachment":[{"href":"https:\/\/www.ruoms.fr\/index.php\/wp-json\/wp\/v2\/media?parent=682"}],"curies":[{"name":"wp","href":"https:\/\/api.w.org\/{rel}","templated":true}]}}