{"id":683,"date":"2021-02-25T22:51:30","date_gmt":"2021-02-25T21:51:30","guid":{"rendered":"http:\/\/www.ruoms.fr\/?page_id=683"},"modified":"2024-07-12T10:29:10","modified_gmt":"2024-07-12T08:29:10","slug":"ordures-menageres","status":"publish","type":"page","link":"https:\/\/www.ruoms.fr\/index.php\/ordures-menageres\/","title":{"rendered":"Ordures m\u00e9nag\u00e8res"},"content":{"rendered":"\n<figure class=\"wp-block-image size-full\"><img loading=\"lazy\" decoding=\"async\" width=\"369\" height=\"136\" src=\"https:\/\/www.ruoms.fr\/wp-content\/uploads\/2022\/07\/sictoba-LOGO.png\" alt=\"\" class=\"wp-image-2314\" srcset=\"https:\/\/www.ruoms.fr\/wp-content\/uploads\/2022\/07\/sictoba-LOGO.png 369w, https:\/\/www.ruoms.fr\/wp-content\/uploads\/2022\/07\/sictoba-LOGO-300x111.png 300w, https:\/\/www.ruoms.fr\/wp-content\/uploads\/2022\/07\/sictoba-LOGO-150x55.png 150w\" sizes=\"auto, (max-width: 369px) 100vw, 369px\" \/><\/figure>\n\n\n\n<p class=\"has-large-font-size\">Inscription d\u00e9chetteries et aires de d\u00e9p\u00f4t des d\u00e9chets verts<\/p>\n\n\n\n<h2 class=\"wp-block-heading\">D\u00e9sormais, afin d\u2019optimiser la gestion globale de tous les sites, le syndicat met en place un contr\u00f4le d\u2019acc\u00e8s. Pour acc\u00e9der aux d\u00e9chetteries et aires de d\u00e9p\u00f4t des d\u00e9chets verts, il faudra pr\u00e9senter un QR code au gardien.<\/h2>\n\n\n\n<p>Demandez-le d\u00e8s \u00e0 pr\u00e9sent en vous inscrivant ici&nbsp;:<\/p>\n\n\n\n<p><a href=\"https:\/\/sictoba.usager.symetri.fr\/connexion\">https:\/\/sictoba.usager.symetri.fr\/connexion<\/a><\/p>\n\n\n\n<p style=\"font-size:25px\"><strong>HORAIRES ET INFORMATIONS PRATIQUES :<\/strong><a href=\"http:\/\/sictoba.fr\/Horaires-d-ouverture.html\" data-type=\"URL\" data-id=\"http:\/\/sictoba.fr\/Horaires-d-ouverture.html\" target=\"_blank\" rel=\"noreferrer noopener\"> <\/a><\/p>\n\n\n\n<p style=\"font-size:25px\"><a href=\"http:\/\/sictoba.fr\/Horaires-d-ouverture.html\" data-type=\"URL\" data-id=\"http:\/\/sictoba.fr\/Horaires-d-ouverture.html\" target=\"_blank\" rel=\"noreferrer noopener\">http:\/\/sictoba.fr\/Horaires-d-ouverture.html<\/a><\/p>\n\n\n\n<p style=\"font-size:25px\"><strong>COMPOSTEURS DE QUARTIERS :<\/strong><\/p>\n\n\n\n<p><a href=\"https:\/\/www.sictoba.fr\/-Localisation-des-composteurs-de-.html\">https:\/\/www.sictoba.fr\/-Localisation-des-composteurs-de-.html<\/a><\/p>\n","protected":false},"excerpt":{"rendered":"<p>Inscription d\u00e9chetteries et aires de d\u00e9p\u00f4t des d\u00e9chets verts D\u00e9sormais, afin d\u2019optimiser la gestion globale de tous les sites, le syndicat met en place un contr\u00f4le d\u2019acc\u00e8s. Pour acc\u00e9der aux d\u00e9chetteries et aires de d\u00e9p\u00f4t des d\u00e9chets verts, il faudra pr\u00e9senter un QR code au gardien. Demandez-le d\u00e8s \u00e0 pr\u00e9sent&#8230;<\/p>\n<p> <a class=\"continue-reading-link\" href=\"https:\/\/www.ruoms.fr\/index.php\/ordures-menageres\/\"><span>Lire la suite<\/span><i class=\"crycon-right-dir\"><\/i><\/a> <\/p>\n","protected":false},"author":2,"featured_media":0,"parent":0,"menu_order":0,"comment_status":"closed","ping_status":"closed","template":"","meta":{"footnotes":""},"class_list":["post-683","page","type-page","status-publish","hentry"],"publishpress_future_action":{"enabled":false,"date":"2026-04-23 06:01:19","action":"change-status","newStatus":"draft","terms":[],"taxonomy":""},"publishpress_future_workflow_manual_trigger":{"enabledWorkflows":[]},"_links":{"self":[{"href":"https:\/\/www.ruoms.fr\/index.php\/wp-json\/wp\/v2\/pages\/683","targetHints":{"allow":["GET"]}}],"collection":[{"href":"https:\/\/www.ruoms.fr\/index.php\/wp-json\/wp\/v2\/pages"}],"about":[{"href":"https:\/\/www.ruoms.fr\/index.php\/wp-json\/wp\/v2\/types\/page"}],"author":[{"embeddable":true,"href":"https:\/\/www.ruoms.fr\/index.php\/wp-json\/wp\/v2\/users\/2"}],"replies":[{"embeddable":true,"href":"https:\/\/www.ruoms.fr\/index.php\/wp-json\/wp\/v2\/comments?post=683"}],"version-history":[{"count":15,"href":"https:\/\/www.ruoms.fr\/index.php\/wp-json\/wp\/v2\/pages\/683\/revisions"}],"predecessor-version":[{"id":3287,"href":"https:\/\/www.ruoms.fr\/index.php\/wp-json\/wp\/v2\/pages\/683\/revisions\/3287"}],"wp:attachment":[{"href":"https:\/\/www.ruoms.fr\/index.php\/wp-json\/wp\/v2\/media?parent=683"}],"curies":[{"name":"wp","href":"https:\/\/api.w.org\/{rel}","templated":true}]}}