{"id":719,"date":"2021-02-25T23:35:10","date_gmt":"2021-02-25T22:35:10","guid":{"rendered":"http:\/\/www.ruoms.fr\/?page_id=719"},"modified":"2023-04-03T17:06:24","modified_gmt":"2023-04-03T15:06:24","slug":"la-commune","status":"publish","type":"page","link":"https:\/\/www.ruoms.fr\/index.php\/la-commune\/","title":{"rendered":"La commune"},"content":{"rendered":"\n<div class=\"wp-block-group\"><div class=\"wp-block-group__inner-container is-layout-flow wp-block-group-is-layout-flow\"><\/div><\/div>\n\n\n\n<figure class=\"wp-block-table alignleft is-style-stripes\"><table><tbody><tr><td><strong>R\u00e9gion<\/strong> <br>Auvergne-Rh\u00f4ne-Alpes<br><strong>D\u00e9partement<\/strong><br>Ard\u00e8che<br><strong>Arrondissement<\/strong><br>Largenti\u00e8re<br><strong>Intercommunalit\u00e9<\/strong><br>Communaut\u00e9 de communes des Gorges de l&rsquo;Ard\u00e8che<br><strong>Maire<\/strong><br>Guy Cl\u00e9ment (2020-2026)<br><strong>Code postal<\/strong><br>07120<br><strong>Population municipale<\/strong><br>2\u00a0303\u00a0hab. (01\/01\/2023)<\/td><td><\/td><\/tr><tr><td><\/td><td><\/td><\/tr><\/tbody><\/table><\/figure>\n\n\n\n<div class=\"wp-block-group\"><div class=\"wp-block-group__inner-container is-layout-flow wp-block-group-is-layout-flow\">\n<p><mark style=\"background-color:rgba(0, 0, 0, 0)\" class=\"has-inline-color has-black-color\"><strong>Ruoms<\/strong> est un village m\u00e9di\u00e9val, fond\u00e9 \u00e0 la fin du X<sup>e<\/sup>\u00a0si\u00e8cle \u00e0 proximit\u00e9 d&rsquo;une abbaye clunisienne dont il reste la <em>chapelle Notre-Dame-des-Pommiers<\/em> et son enclos. Les vieux remparts qui l&rsquo;entourent forment un plan rectangulaire. Ils sont dot\u00e9s de sept tours rondes et d&rsquo;une \u00e9glise d&rsquo;architecture romane et furent \u00e9rig\u00e9s au XIV<sup>e<\/sup>\u00a0si\u00e8cle, lors de<\/mark> la guerre de Cent Ans.<\/p>\n\n\n\n<p>Le pays de Ruoms est un pays de carri\u00e8res, encore exploit\u00e9es il y a cinquante ans. La pierre calcaire de Ruoms a \u00e9t\u00e9 utilis\u00e9e pour la r\u00e9alisation de nombreux monuments et ouvrages d&rsquo;art.<\/p>\n<\/div><\/div>\n\n\n\n<p>Ruoms fut aussi une petite cit\u00e9 industrielle avec ses brasseries, ferm\u00e9es depuis 1967, la bi\u00e8re ayant \u00e9t\u00e9 remplac\u00e9e aujourd&rsquo;hui par le vin. C&rsquo;est \u00e0 Ruoms que se trouve la plus grande coop\u00e9rative vinicole de l&rsquo;Ard\u00e8che : les Vignerons Ard\u00e9chois.<\/p>\n\n\n\n<p>Le village \u00e9tait desservi par la voie ferr\u00e9e PLM, puis la SNCF (Ligne de Vog\u00fc\u00e9-Robiac-Rochessadoule). L&rsquo;ancienne gare, toujours visible, est devenue la gendarmerie du bourg.<\/p>\n\n\n<div class=\"wp-block-image\">\n<figure class=\"alignleft size-large\"><img loading=\"lazy\" decoding=\"async\" width=\"1024\" height=\"264\" src=\"https:\/\/www.ruoms.fr\/wp-content\/uploads\/2021\/02\/Panorama-Ruoms-Sept-1024x264.jpg\" alt=\"\" class=\"wp-image-834\" srcset=\"https:\/\/www.ruoms.fr\/wp-content\/uploads\/2021\/02\/Panorama-Ruoms-Sept-1024x264.jpg 1024w, https:\/\/www.ruoms.fr\/wp-content\/uploads\/2021\/02\/Panorama-Ruoms-Sept-300x77.jpg 300w, https:\/\/www.ruoms.fr\/wp-content\/uploads\/2021\/02\/Panorama-Ruoms-Sept-768x198.jpg 768w, https:\/\/www.ruoms.fr\/wp-content\/uploads\/2021\/02\/Panorama-Ruoms-Sept-1536x397.jpg 1536w, https:\/\/www.ruoms.fr\/wp-content\/uploads\/2021\/02\/Panorama-Ruoms-Sept-2048x529.jpg 2048w, https:\/\/www.ruoms.fr\/wp-content\/uploads\/2021\/02\/Panorama-Ruoms-Sept-150x39.jpg 150w, https:\/\/www.ruoms.fr\/wp-content\/uploads\/2021\/02\/Panorama-Ruoms-Sept-1200x311.jpg 1200w\" sizes=\"auto, (max-width: 1024px) 100vw, 1024px\" \/><figcaption class=\"wp-element-caption\">Ruoms vue du ciel<\/figcaption><\/figure><\/div>\n\n\n<div class=\"wp-block-group\"><div class=\"wp-block-group__inner-container is-layout-flow wp-block-group-is-layout-flow\"><\/div><\/div>\n\n\n\n<p><\/p>\n","protected":false},"excerpt":{"rendered":"<p>R\u00e9gion Auvergne-Rh\u00f4ne-AlpesD\u00e9partementArd\u00e8cheArrondissementLargenti\u00e8reIntercommunalit\u00e9Communaut\u00e9 de communes des Gorges de l&rsquo;Ard\u00e8cheMaireGuy Cl\u00e9ment (2020-2026)Code postal07120Population municipale2\u00a0303\u00a0hab. (01\/01\/2023) Ruoms est un village m\u00e9di\u00e9val, fond\u00e9 \u00e0 la fin du Xe\u00a0si\u00e8cle \u00e0 proximit\u00e9 d&rsquo;une abbaye clunisienne dont il reste la chapelle Notre-Dame-des-Pommiers et son enclos. Les vieux remparts qui l&rsquo;entourent forment un plan rectangulaire. Ils sont dot\u00e9s&#8230;<\/p>\n<p> <a class=\"continue-reading-link\" href=\"https:\/\/www.ruoms.fr\/index.php\/la-commune\/\"><span>Lire la suite<\/span><i class=\"crycon-right-dir\"><\/i><\/a> <\/p>\n","protected":false},"author":2,"featured_media":0,"parent":0,"menu_order":0,"comment_status":"closed","ping_status":"closed","template":"","meta":{"footnotes":""},"class_list":["post-719","page","type-page","status-publish","hentry"],"publishpress_future_action":{"enabled":false,"date":"2026-04-22 04:05:43","action":"change-status","newStatus":"draft","terms":[],"taxonomy":""},"publishpress_future_workflow_manual_trigger":{"enabledWorkflows":[]},"_links":{"self":[{"href":"https:\/\/www.ruoms.fr\/index.php\/wp-json\/wp\/v2\/pages\/719","targetHints":{"allow":["GET"]}}],"collection":[{"href":"https:\/\/www.ruoms.fr\/index.php\/wp-json\/wp\/v2\/pages"}],"about":[{"href":"https:\/\/www.ruoms.fr\/index.php\/wp-json\/wp\/v2\/types\/page"}],"author":[{"embeddable":true,"href":"https:\/\/www.ruoms.fr\/index.php\/wp-json\/wp\/v2\/users\/2"}],"replies":[{"embeddable":true,"href":"https:\/\/www.ruoms.fr\/index.php\/wp-json\/wp\/v2\/comments?post=719"}],"version-history":[{"count":19,"href":"https:\/\/www.ruoms.fr\/index.php\/wp-json\/wp\/v2\/pages\/719\/revisions"}],"predecessor-version":[{"id":2638,"href":"https:\/\/www.ruoms.fr\/index.php\/wp-json\/wp\/v2\/pages\/719\/revisions\/2638"}],"wp:attachment":[{"href":"https:\/\/www.ruoms.fr\/index.php\/wp-json\/wp\/v2\/media?parent=719"}],"curies":[{"name":"wp","href":"https:\/\/api.w.org\/{rel}","templated":true}]}}